{"id":22,"date":"2023-08-09T11:32:36","date_gmt":"2023-08-09T09:32:36","guid":{"rendered":"https:\/\/wordpress.vecurosoft.com\/kiddino\/?page_id=22"},"modified":"2025-02-25T07:34:03","modified_gmt":"2025-02-25T07:34:03","slug":"contact","status":"publish","type":"page","link":"https:\/\/www.suitechsoftware.com\/doganaykoleji\/contact\/","title":{"rendered":"Contact"},"content":{"rendered":"\t\t<div data-elementor-type=\"wp-page\" data-elementor-id=\"22\" class=\"elementor elementor-22\" data-elementor-post-type=\"page\">\n\t\t\t\t\t\t<section class=\"elementor-section elementor-top-section elementor-element elementor-element-89c1bd6 elementor-section-full_width elementor-section-height-default elementor-section-height-default\" data-id=\"89c1bd6\" data-element_type=\"section\">\n\t\t\t\t\t\t<div class=\"elementor-container elementor-column-gap-no\">\n\t\t\t\t\t<div class=\"elementor-column elementor-col-100 elementor-top-column elementor-element elementor-element-e654b93\" data-id=\"e654b93\" data-element_type=\"column\">\n\t\t\t<div class=\"elementor-widget-wrap elementor-element-populated\">\n\t\t\t\t\t\t<section class=\"elementor-section elementor-inner-section elementor-element elementor-element-52ca4b7 elementor-section-boxed elementor-section-height-default elementor-section-height-default\" data-id=\"52ca4b7\" data-element_type=\"section\">\n\t\t\t\t\t\t<div class=\"elementor-container elementor-column-gap-no\">\n\t\t\t\t\t<div class=\"elementor-column elementor-col-33 elementor-inner-column elementor-element elementor-element-ba6236a\" data-id=\"ba6236a\" data-element_type=\"column\">\n\t\t\t<div class=\"elementor-widget-wrap elementor-element-populated\">\n\t\t\t\t\t\t<div class=\"elementor-element elementor-element-b501b28 elementor-widget elementor-widget-kiddinoinfobox\" data-id=\"b501b28\" data-element_type=\"widget\" data-widget_type=\"kiddinoinfobox.default\">\n\t\t\t\t<div class=\"elementor-widget-container\">\n\t\t\t\t\t\t\t<div class=\"info-style2\">\n\t\t\t\t\t\t\t<div class=\"info-icon\">\n\t\t\t\t\t<img decoding=\"async\" src=\"https:\/\/wordpress.vecurosoft.com\/kiddino\/wp-content\/uploads\/2023\/08\/c-b-1-1.svg\" alt=\"icon\"  \/>\t\t\t\t<\/div>\n\t\t\t\n\t\t\t\t\t\t\t<h3 class=\"info-title\">\n\t\t\t\t\tTelefon Numaram\u0131z\t\t\t\t<\/h3>\n\t\t\t\t\t\t\n\t\t\t\t\t\t\t\t<p class=\"info-text\">\n\t\t\t\t\t\t05071525107 - 05059445107\t\t\t\t\t<\/p>\n\t\t\t\t\t<\/div>\n\t\t\t\t\t<\/div>\n\t\t\t\t<\/div>\n\t\t\t\t\t<\/div>\n\t\t<\/div>\n\t\t\t\t<div class=\"elementor-column elementor-col-33 elementor-inner-column elementor-element elementor-element-01aad78\" data-id=\"01aad78\" data-element_type=\"column\">\n\t\t\t<div class=\"elementor-widget-wrap elementor-element-populated\">\n\t\t\t\t\t\t<div class=\"elementor-element elementor-element-7ca26bf elementor-widget elementor-widget-kiddinoinfobox\" data-id=\"7ca26bf\" data-element_type=\"widget\" data-widget_type=\"kiddinoinfobox.default\">\n\t\t\t\t<div class=\"elementor-widget-container\">\n\t\t\t\t\t\t\t<div class=\"info-style2\">\n\t\t\t\t\t\t\t<div class=\"info-icon\">\n\t\t\t\t\t<img decoding=\"async\" src=\"https:\/\/wordpress.vecurosoft.com\/kiddino\/wp-content\/uploads\/2023\/08\/c-b-1-2.svg\" alt=\"icon\"  \/>\t\t\t\t<\/div>\n\t\t\t\n\t\t\t\t\t\t\t<h3 class=\"info-title\">\n\t\t\t\t\tCuma - Cumartesi\t\t\t\t<\/h3>\n\t\t\t\t\t\t\n\t\t\t\t\t\t\t\t<p class=\"info-text\">\n\t\t\t\t\t\t08:00 - 18:30\t\t\t\t\t<\/p>\n\t\t\t\t\t<\/div>\n\t\t\t\t\t<\/div>\n\t\t\t\t<\/div>\n\t\t\t\t\t<\/div>\n\t\t<\/div>\n\t\t\t\t<div class=\"elementor-column elementor-col-33 elementor-inner-column elementor-element elementor-element-30f4482\" data-id=\"30f4482\" data-element_type=\"column\">\n\t\t\t<div class=\"elementor-widget-wrap elementor-element-populated\">\n\t\t\t\t\t\t<div class=\"elementor-element elementor-element-6722513 elementor-widget elementor-widget-kiddinoinfobox\" data-id=\"6722513\" data-element_type=\"widget\" data-widget_type=\"kiddinoinfobox.default\">\n\t\t\t\t<div class=\"elementor-widget-container\">\n\t\t\t\t\t\t\t<div class=\"info-style2\">\n\t\t\t\t\t\t\t<div class=\"info-icon\">\n\t\t\t\t\t<img decoding=\"async\" src=\"https:\/\/wordpress.vecurosoft.com\/kiddino\/wp-content\/uploads\/2023\/08\/c-b-1-3.svg\" alt=\"icon\"  \/>\t\t\t\t<\/div>\n\t\t\t\n\t\t\t\t\t\t\t<h3 class=\"info-title\">\n\t\t\t\t\tMail Adresimiz\t\t\t\t<\/h3>\n\t\t\t\t\t\t\n\t\t\t\t\t\t\t\t<p class=\"info-text\">\n\t\t\t\t\t\tinfo@doganaykoleji.com\t\t\t\t\t<\/p>\n\t\t\t\t\t<\/div>\n\t\t\t\t\t<\/div>\n\t\t\t\t<\/div>\n\t\t\t\t\t<\/div>\n\t\t<\/div>\n\t\t\t\t\t<\/div>\n\t\t<\/section>\n\t\t\t\t\t<\/div>\n\t\t<\/div>\n\t\t\t\t\t<\/div>\n\t\t<\/section>\n\t\t\t\t<section class=\"elementor-section elementor-top-section elementor-element elementor-element-ae42237 elementor-section-full_width elementor-section-height-default elementor-section-height-default\" data-id=\"ae42237\" data-element_type=\"section\">\n\t\t\t\t\t\t<div class=\"elementor-container elementor-column-gap-no\">\n\t\t\t\t\t<div class=\"elementor-column elementor-col-100 elementor-top-column elementor-element elementor-element-a8c745c\" data-id=\"a8c745c\" data-element_type=\"column\">\n\t\t\t<div class=\"elementor-widget-wrap elementor-element-populated\">\n\t\t\t\t\t\t<section class=\"elementor-section elementor-inner-section elementor-element elementor-element-e776a42 elementor-section-content-middle elementor-section-boxed elementor-section-height-default elementor-section-height-default\" data-id=\"e776a42\" data-element_type=\"section\">\n\t\t\t\t\t\t<div class=\"elementor-container elementor-column-gap-no\">\n\t\t\t\t\t<div class=\"elementor-column elementor-col-50 elementor-inner-column elementor-element elementor-element-5117de1\" data-id=\"5117de1\" data-element_type=\"column\">\n\t\t\t<div class=\"elementor-widget-wrap elementor-element-populated\">\n\t\t\t\t\t\t<div class=\"elementor-element elementor-element-197c032 elementor-widget elementor-widget-kiddinosectiontitle\" data-id=\"197c032\" data-element_type=\"widget\" data-widget_type=\"kiddinosectiontitle.default\">\n\t\t\t\t<div class=\"elementor-widget-container\">\n\t\t\t\t\t<!-- Section Title --><div class=\"title-area\" ><span class=\"sec-subtitle\">\u00d6ZEL DO\u011eANAY KOLEJ\u0130<\/span><h2 class=\"sec-title title-selector\">Bizimle Her Zaman \u0130leti\u015fime Ge\u00e7ebilirsiniz<\/h2><p class=\"sec-text\">\n<\/p><\/div><!-- End Section Title -->\t\t\t\t<\/div>\n\t\t\t\t<\/div>\n\t\t\t\t\t<\/div>\n\t\t<\/div>\n\t\t\t\t<div class=\"elementor-column elementor-col-50 elementor-inner-column elementor-element elementor-element-fa67efc\" data-id=\"fa67efc\" data-element_type=\"column\">\n\t\t\t<div class=\"elementor-widget-wrap elementor-element-populated\">\n\t\t\t\t\t\t<div class=\"elementor-element elementor-element-f2e8399 elementor-widget elementor-widget-image\" data-id=\"f2e8399\" data-element_type=\"widget\" data-widget_type=\"image.default\">\n\t\t\t\t<div class=\"elementor-widget-container\">\n\t\t\t\t\t\t\t\t\t\t\t\t\t\t\t<img fetchpriority=\"high\" decoding=\"async\" width=\"589\" height=\"681\" src=\"https:\/\/www.suitechsoftware.com\/doganaykoleji\/wp-content\/uploads\/2023\/08\/con-2-1.png\" class=\"attachment-large size-large wp-image-2367\" alt=\"\" srcset=\"https:\/\/www.suitechsoftware.com\/doganaykoleji\/wp-content\/uploads\/2023\/08\/con-2-1.png 589w, https:\/\/www.suitechsoftware.com\/doganaykoleji\/wp-content\/uploads\/2023\/08\/con-2-1-259x300.png 259w\" sizes=\"(max-width: 589px) 100vw, 589px\" \/>\t\t\t\t\t\t\t\t\t\t\t\t\t\t\t<\/div>\n\t\t\t\t<\/div>\n\t\t\t\t\t<\/div>\n\t\t<\/div>\n\t\t\t\t\t<\/div>\n\t\t<\/section>\n\t\t\t\t\t<\/div>\n\t\t<\/div>\n\t\t\t\t\t<\/div>\n\t\t<\/section>\n\t\t\t\t<section class=\"elementor-section elementor-top-section elementor-element elementor-element-8123084 elementor-section-full_width elementor-section-height-default elementor-section-height-default\" data-id=\"8123084\" data-element_type=\"section\">\n\t\t\t\t\t\t<div class=\"elementor-container elementor-column-gap-no\">\n\t\t\t\t\t<div class=\"elementor-column elementor-col-100 elementor-top-column elementor-element elementor-element-d626720\" data-id=\"d626720\" data-element_type=\"column\">\n\t\t\t<div class=\"elementor-widget-wrap elementor-element-populated\">\n\t\t\t\t\t\t<section class=\"elementor-section elementor-inner-section elementor-element elementor-element-9335498 elementor-section-content-middle elementor-section-boxed elementor-section-height-default elementor-section-height-default\" data-id=\"9335498\" data-element_type=\"section\">\n\t\t\t\t\t\t<div class=\"elementor-container elementor-column-gap-no\">\n\t\t\t\t\t<div class=\"elementor-column elementor-col-100 elementor-inner-column elementor-element elementor-element-34c0ece\" data-id=\"34c0ece\" data-element_type=\"column\">\n\t\t\t<div class=\"elementor-widget-wrap elementor-element-populated\">\n\t\t\t\t\t\t<div class=\"elementor-element elementor-element-78d121b elementor-widget elementor-widget-kiddinosectiontitle\" data-id=\"78d121b\" data-element_type=\"widget\" data-widget_type=\"kiddinosectiontitle.default\">\n\t\t\t\t<div class=\"elementor-widget-container\">\n\t\t\t\t\t<!-- Section Title --><div class=\"title-area\" ><h2 class=\"sec-title title-selector\">Adresimiz<\/h2><p class=\"sec-text\">\n<\/p><\/div><!-- End Section Title -->\t\t\t\t<\/div>\n\t\t\t\t<\/div>\n\t\t\t\t<div class=\"elementor-element elementor-element-61e2ad1 elementor-widget elementor-widget-google_maps\" data-id=\"61e2ad1\" data-element_type=\"widget\" data-widget_type=\"google_maps.default\">\n\t\t\t\t<div class=\"elementor-widget-container\">\n\t\t\t\t\t\t\t<div class=\"elementor-custom-embed\">\n\t\t\t<iframe loading=\"lazy\"\n\t\t\t\t\tsrc=\"https:\/\/maps.google.com\/maps?q=36.895121%2C%2030.704597&#038;t=m&#038;z=16&#038;output=embed&#038;iwloc=near\"\n\t\t\t\t\ttitle=\"36.895121, 30.704597\"\n\t\t\t\t\taria-label=\"36.895121, 30.704597\"\n\t\t\t><\/iframe>\n\t\t<\/div>\n\t\t\t\t\t\t<\/div>\n\t\t\t\t<\/div>\n\t\t\t\t\t<\/div>\n\t\t<\/div>\n\t\t\t\t\t<\/div>\n\t\t<\/section>\n\t\t\t\t\t<\/div>\n\t\t<\/div>\n\t\t\t\t\t<\/div>\n\t\t<\/section>\n\t\t\t\t<\/div>\n\t\t","protected":false},"excerpt":{"rendered":"<p>Telefon Numaram\u0131z 05071525107 &#8211; 05059445107 Cuma &#8211; Cumartesi 08:00 &#8211; 18:30 Mail Adresimiz info@doganaykoleji.com \u00d6ZEL DO\u011eANAY KOLEJ\u0130 Bizimle Her Zaman \u0130leti\u015fime Ge\u00e7ebilirsiniz Adresimiz<\/p>\n","protected":false},"author":1,"featured_media":0,"parent":0,"menu_order":0,"comment_status":"closed","ping_status":"closed","template":"elementor_header_footer","meta":{"footnotes":""},"class_list":["post-22","page","type-page","status-publish","hentry"],"_links":{"self":[{"href":"https:\/\/www.suitechsoftware.com\/doganaykoleji\/wp-json\/wp\/v2\/pages\/22","targetHints":{"allow":["GET"]}}],"collection":[{"href":"https:\/\/www.suitechsoftware.com\/doganaykoleji\/wp-json\/wp\/v2\/pages"}],"about":[{"href":"https:\/\/www.suitechsoftware.com\/doganaykoleji\/wp-json\/wp\/v2\/types\/page"}],"author":[{"embeddable":true,"href":"https:\/\/www.suitechsoftware.com\/doganaykoleji\/wp-json\/wp\/v2\/users\/1"}],"replies":[{"embeddable":true,"href":"https:\/\/www.suitechsoftware.com\/doganaykoleji\/wp-json\/wp\/v2\/comments?post=22"}],"version-history":[{"count":25,"href":"https:\/\/www.suitechsoftware.com\/doganaykoleji\/wp-json\/wp\/v2\/pages\/22\/revisions"}],"predecessor-version":[{"id":5830,"href":"https:\/\/www.suitechsoftware.com\/doganaykoleji\/wp-json\/wp\/v2\/pages\/22\/revisions\/5830"}],"wp:attachment":[{"href":"https:\/\/www.suitechsoftware.com\/doganaykoleji\/wp-json\/wp\/v2\/media?parent=22"}],"curies":[{"name":"wp","href":"https:\/\/api.w.org\/{rel}","templated":true}]}}